{"id":8629,"date":"2020-02-29T00:22:29","date_gmt":"2020-02-28T23:22:29","guid":{"rendered":"http:\/\/basketball.djksbm.org\/?page_id=8629"},"modified":"2025-12-10T16:11:57","modified_gmt":"2025-12-10T15:11:57","slug":"forderverein","status":"publish","type":"page","link":"https:\/\/djksbm.org\/basketball\/forderverein\/","title":{"rendered":"F\u00f6rderverein"},"content":{"rendered":"[vc_row type=&#8220;full_width_background&#8220; full_screen_row_position=&#8220;middle&#8220; column_margin=&#8220;default&#8220; bg_image=&#8220;9185&#8243; bg_position=&#8220;left top&#8220; bg_repeat=&#8220;no-repeat&#8220; bg_color=&#8220;#ffffff&#8220; scene_position=&#8220;center&#8220; text_color=&#8220;light&#8220; text_align=&#8220;left&#8220; top_padding=&#8220;4%&#8220; bottom_padding=&#8220;4%&#8220; overlay_strength=&#8220;0.3&#8243; shape_divider_position=&#8220;bottom&#8220; bg_image_animation=&#8220;none&#8220; parallax_bg=&#8220;true&#8220; parallax_bg_speed=&#8220;fast&#8220; shape_type=&#8220;&#8220;][vc_column column_padding=&#8220;no-extra-padding&#8220; column_padding_position=&#8220;all&#8220; background_color_opacity=&#8220;1&#8243; background_hover_color_opacity=&#8220;1&#8243; column_link_target=&#8220;_self&#8220; column_shadow=&#8220;none&#8220; column_border_radius=&#8220;none&#8220; width=&#8220;1\/1&#8243; tablet_width_inherit=&#8220;default&#8220; tablet_text_alignment=&#8220;default&#8220; phone_text_alignment=&#8220;default&#8220; overlay_strength=&#8220;0.3&#8243; column_border_width=&#8220;none&#8220; column_border_style=&#8220;solid&#8220; bg_image_animation=&#8220;none&#8220;][vc_row_inner equal_height=&#8220;yes&#8220; content_placement=&#8220;middle&#8220; column_margin=&#8220;default&#8220; top_padding=&#8220;15%&#8220; bottom_padding=&#8220;14%&#8220; text_align=&#8220;left&#8220;][vc_column_inner column_padding=&#8220;no-extra-padding&#8220; column_padding_position=&#8220;all&#8220; background_color_opacity=&#8220;1&#8243; background_hover_color_opacity=&#8220;1&#8243; column_shadow=&#8220;none&#8220; column_border_radius=&#8220;none&#8220; column_link_target=&#8220;_self&#8220; width=&#8220;1\/2&#8243; tablet_width_inherit=&#8220;default&#8220; overlay_strength=&#8220;0.3&#8243; column_border_width=&#8220;none&#8220; column_border_style=&#8220;solid&#8220; bg_image_animation=&#8220;none&#8220; enable_animation=&#8220;true&#8220; animation=&#8220;fade-in&#8220; offset=&#8220;vc_col-lg-6 vc_col-md-6 vc_col-xs-12&#8243;][\/vc_column_inner][vc_column_inner column_padding=&#8220;no-extra-padding&#8220; column_padding_position=&#8220;all&#8220; background_color_opacity=&#8220;1&#8243; background_hover_color_opacity=&#8220;1&#8243; column_shadow=&#8220;none&#8220; column_border_radius=&#8220;none&#8220; column_link_target=&#8220;_self&#8220; width=&#8220;1\/2&#8243; tablet_width_inherit=&#8220;default&#8220; overlay_strength=&#8220;0.3&#8243; column_border_width=&#8220;none&#8220; column_border_style=&#8220;solid&#8220; bg_image_animation=&#8220;none&#8220;][vc_column_text css_animation=&#8220;fadeInUp&#8220; css=&#8220;.vc_custom_1582490460642{margin-bottom: 15px !important;}&#8220;]\n<h5>DJK Sportbund M\u00fcnchen Basketball<\/h5>\n[\/vc_column_text][split_line_heading animation_type=&#8220;default&#8220;]\n<h1>Wachstum schaffen<\/h1>\n<h2>mit vereinten Kr\u00e4ften<\/h2>\n[\/split_line_heading][\/vc_column_inner][\/vc_row_inner][\/vc_column][\/vc_row][vc_row type=&#8220;full_width_background&#8220; full_screen_row_position=&#8220;middle&#8220; column_margin=&#8220;default&#8220; scene_position=&#8220;center&#8220; text_color=&#8220;dark&#8220; text_align=&#8220;left&#8220; enable_gradient=&#8220;true&#8220; color_overlay=&#8220;#ededed&#8220; gradient_direction=&#8220;left_to_right&#8220; overlay_strength=&#8220;0.8&#8243; shape_divider_position=&#8220;bottom&#8220; bg_image_animation=&#8220;none&#8220; shape_type=&#8220;&#8220;][vc_column column_padding=&#8220;no-extra-padding&#8220; column_padding_position=&#8220;all&#8220; background_color_opacity=&#8220;1&#8243; background_hover_color_opacity=&#8220;1&#8243; column_link_target=&#8220;_self&#8220; column_shadow=&#8220;none&#8220; column_border_radius=&#8220;none&#8220; width=&#8220;1\/2&#8243; tablet_width_inherit=&#8220;default&#8220; tablet_text_alignment=&#8220;default&#8220; phone_text_alignment=&#8220;default&#8220; overlay_strength=&#8220;0.3&#8243; column_border_width=&#8220;none&#8220; column_border_style=&#8220;solid&#8220; bg_image_animation=&#8220;none&#8220;][divider line_type=&#8220;No Line&#8220; custom_height=&#8220;90&#8243;][vc_column_text]\n<h5><span style=\"color: #999999;\">Unterst\u00fctzung<\/span><\/h5>\n<h2>F\u00f6rderverein<\/h2>\n<div>Gemeinsam f\u00fcr die Zukunft des Jugendbasketballs!<\/div>\n<div><\/div>\n<div>Unterst\u00fctze den F\u00f6rderverein Basketball<\/div>\n<div>DJK SBM e.V. \u2013 F\u00fcr starke Jugend, fairen Sport und gro\u00dfe Tr\u00e4ume!<\/div>\n<div><\/div>\n<div>Der F\u00f6rderverein Basketball DJK SBM e.V. wurde im Oktober 2025 gegr\u00fcndet, um den Leistungsjugendbasketball nachhaltig zu st\u00e4rken. Unser Ziel ist es, talentierten jungen Spielerinnen und Spielern die bestm\u00f6gliche F\u00f6rderung zu bieten \u2013 unabh\u00e4ngig von ihrer finanziellen Situation.<\/div>\n<div><\/div>\n<div>Basketball bedeutet Teamgeist, Disziplin und Leidenschaft \u2013 Werte, die weit \u00fcber das Spielfeld hinausreichen. Damit unsere Jugendlichen ihr volles Potenzial entfalten k\u00f6nnen, brauchen sie professionelle Trainingsbedingungen, engagierte Trainerinnen und Trainer, moderne Ausstattung und die M\u00f6glichkeit, an nationalen wie internationalen Wettbewerben teilzunehmen.<\/div>\n<div><\/div>\n<div>Daf\u00fcr brauchen wir Deine Unterst\u00fctzung!<\/div>\n[\/vc_column_text][divider line_type=&#8220;No Line&#8220; custom_height=&#8220;90&#8243;][\/vc_column][vc_column column_padding=&#8220;no-extra-padding&#8220; column_padding_position=&#8220;all&#8220; background_color_opacity=&#8220;1&#8243; background_hover_color_opacity=&#8220;1&#8243; column_link_target=&#8220;_self&#8220; column_shadow=&#8220;none&#8220; column_border_radius=&#8220;none&#8220; width=&#8220;1\/2&#8243; tablet_width_inherit=&#8220;default&#8220; tablet_text_alignment=&#8220;default&#8220; phone_text_alignment=&#8220;default&#8220; overlay_strength=&#8220;0.3&#8243; column_border_width=&#8220;none&#8220; column_border_style=&#8220;solid&#8220; bg_image_animation=&#8220;none&#8220;][image_with_animation image_url=&#8220;11468&#8243; alignment=&#8220;&#8220; animation=&#8220;Fade In From Bottom&#8220; hover_animation=&#8220;none&#8220; border_radius=&#8220;none&#8220; box_shadow=&#8220;none&#8220; image_loading=&#8220;default&#8220; max_width=&#8220;100%&#8220; max_width_mobile=&#8220;default&#8220;][\/vc_column][\/vc_row][vc_row type=&#8220;full_width_background&#8220; full_screen_row_position=&#8220;middle&#8220; column_margin=&#8220;default&#8220; bg_color=&#8220;#ffffff&#8220; scene_position=&#8220;center&#8220; text_color=&#8220;dark&#8220; text_align=&#8220;left&#8220; overlay_strength=&#8220;0.3&#8243; shape_divider_position=&#8220;bottom&#8220; bg_image_animation=&#8220;none&#8220; shape_type=&#8220;&#8220;][vc_column column_padding=&#8220;no-extra-padding&#8220; column_padding_position=&#8220;all&#8220; background_color=&#8220;#ffffff&#8220; background_color_opacity=&#8220;1&#8243; background_hover_color_opacity=&#8220;1&#8243; column_link_target=&#8220;_self&#8220; column_shadow=&#8220;none&#8220; column_border_radius=&#8220;none&#8220; width=&#8220;1\/2&#8243; tablet_width_inherit=&#8220;default&#8220; tablet_text_alignment=&#8220;default&#8220; phone_text_alignment=&#8220;default&#8220; overlay_strength=&#8220;0.3&#8243; column_border_width=&#8220;none&#8220; column_border_style=&#8220;solid&#8220; bg_image_animation=&#8220;none&#8220;][divider line_type=&#8220;No Line&#8220; custom_height=&#8220;90&#8243;][vc_column_text]\n<h5><\/h5>\n<h5><\/h5>\n<h5><span style=\"color: #999999;\">Unterst\u00fctzung<\/span><\/h5>\n<h2>Die Jugendabteilung unseres Vereins jetzt finanziell unterst\u00fctzen:<\/h2>\n<p>Spendenkonto:<br \/>\nF\u00f6rderverein Basketball DJK SBM e.V.<br \/>\nIBAN:<span style=\"color: #81d742;\"> DE58 8306 5408 0006 8816 37<\/span><br \/>\nBIC: GENODEF2SLR<br \/>\nVerwendungszweck: Spende Jugendbasketball<\/p>\n<p>Als gemeinn\u00fctzig anerkannter Verein stellen wir gerne Spendenbescheinigungen aus.[\/vc_column_text][\/vc_column][vc_column column_padding=&#8220;no-extra-padding&#8220; column_padding_position=&#8220;all&#8220; background_color_opacity=&#8220;1&#8243; background_hover_color_opacity=&#8220;1&#8243; column_link_target=&#8220;_self&#8220; column_shadow=&#8220;none&#8220; column_border_radius=&#8220;none&#8220; width=&#8220;1\/2&#8243; tablet_width_inherit=&#8220;default&#8220; tablet_text_alignment=&#8220;default&#8220; phone_text_alignment=&#8220;default&#8220; overlay_strength=&#8220;0.3&#8243; column_border_width=&#8220;none&#8220; column_border_style=&#8220;solid&#8220; bg_image_animation=&#8220;none&#8220;][divider line_type=&#8220;No Line&#8220; custom_height=&#8220;90&#8243;][vc_column_text]\n<h3>Mit Deiner Spende hilfst Du uns:<\/h3>\n<ul>\n<li>Trainings- und Spielmaterialien anzuschaffen<\/li>\n<li>Fahrtkosten zu Turnieren und Meisterschaften zu finanzieren<\/li>\n<li>Talente gezielt zu f\u00f6rdern und langfristig zu begleiten<\/li>\n<\/ul>\n<div><\/div>\n<div>Jeder Beitrag \u2013 ob gro\u00df oder klein \u2013 bringt unsere Jugend ein St\u00fcck n\u00e4her an ihre Tr\u00e4ume!<\/div>\n[\/vc_column_text][divider line_type=&#8220;Full Width Line&#8220; line_thickness=&#8220;1&#8243; divider_color=&#8220;default&#8220; custom_height=&#8220;30&#8243;][vc_column_text]Gemeinsam k\u00f6nnen wir Gro\u00dfes bewegen \u2013 f\u00fcr unsere Jugend, f\u00fcr unseren Verein, f\u00fcr den Basketball in M\u00fcnchen!<\/p>\n<p>Vielen herzlichen Dank f\u00fcr die Unterst\u00fctzung.<\/p>\n<p>F\u00f6rderverein Basketball<br \/>\nDJK SBM e.V.<br \/>\n(Vereinsregister VR211203)<\/p>\n[\/vc_column_text][divider line_type=&#8220;No Line&#8220; custom_height=&#8220;90&#8243;][\/vc_column][\/vc_row][vc_row type=&#8220;full_width_background&#8220; full_screen_row_position=&#8220;middle&#8220; column_margin=&#8220;default&#8220; bg_color=&#8220;#f4f4f4&#8243; scene_position=&#8220;center&#8220; text_color=&#8220;dark&#8220; text_align=&#8220;left&#8220; top_padding=&#8220;10&#8243; disable_element=&#8220;yes&#8220; overlay_strength=&#8220;0.3&#8243; shape_divider_position=&#8220;bottom&#8220; bg_image_animation=&#8220;none&#8220; shape_type=&#8220;&#8220;][vc_column column_padding=&#8220;no-extra-padding&#8220; column_padding_position=&#8220;all&#8220; background_color_opacity=&#8220;1&#8243; background_hover_color_opacity=&#8220;1&#8243; column_link_target=&#8220;_self&#8220; column_shadow=&#8220;none&#8220; column_border_radius=&#8220;none&#8220; width=&#8220;1\/2&#8243; tablet_width_inherit=&#8220;default&#8220; tablet_text_alignment=&#8220;default&#8220; phone_text_alignment=&#8220;default&#8220; overlay_strength=&#8220;0.3&#8243; column_border_width=&#8220;none&#8220; column_border_style=&#8220;solid&#8220; bg_image_animation=&#8220;none&#8220;][divider line_type=&#8220;No Line&#8220; custom_height=&#8220;100&#8243;][image_with_animation image_url=&#8220;8297&#8243; alignment=&#8220;&#8220; animation=&#8220;Fade In From Bottom&#8220; hover_animation=&#8220;none&#8220; border_radius=&#8220;none&#8220; box_shadow=&#8220;none&#8220; image_loading=&#8220;default&#8220; max_width=&#8220;100%&#8220; max_width_mobile=&#8220;default&#8220;][\/vc_column][vc_column column_padding=&#8220;padding-5-percent&#8220; column_padding_position=&#8220;top-right&#8220; background_color_opacity=&#8220;1&#8243; background_hover_color_opacity=&#8220;1&#8243; column_link_target=&#8220;_self&#8220; column_shadow=&#8220;none&#8220; column_border_radius=&#8220;none&#8220; width=&#8220;1\/2&#8243; tablet_width_inherit=&#8220;default&#8220; tablet_text_alignment=&#8220;default&#8220; phone_text_alignment=&#8220;default&#8220; overlay_strength=&#8220;0.3&#8243; column_border_width=&#8220;none&#8220; column_border_style=&#8220;solid&#8220; bg_image_animation=&#8220;none&#8220;][vc_row_inner column_margin=&#8220;default&#8220; text_align=&#8220;left&#8220;][vc_column_inner column_padding=&#8220;no-extra-padding&#8220; column_padding_position=&#8220;top-right&#8220; background_color_opacity=&#8220;1&#8243; background_hover_color_opacity=&#8220;1&#8243; font_color=&#8220;#000000&#8243; column_shadow=&#8220;none&#8220; column_border_radius=&#8220;none&#8220; bottom_margin=&#8220;0&#8243; column_link_target=&#8220;_self&#8220; width=&#8220;1\/1&#8243; tablet_width_inherit=&#8220;default&#8220; overlay_strength=&#8220;0.3&#8243; column_border_width=&#8220;none&#8220; column_border_style=&#8220;solid&#8220; bg_image_animation=&#8220;none&#8220; enable_animation=&#8220;true&#8220; animation=&#8220;fade-in-from-bottom&#8220;][vc_column_text css_animation=&#8220;fadeInUp&#8220; css=&#8220;.vc_custom_1584919405778{padding-bottom: 30px !important;}&#8220;]\n<h5><span style=\"color: #999999;\">Events &amp; Turniere<\/span><\/h5>\n<h2>Turniere &amp; Camps<\/h2>\n<p>In der Pre-Season werden Qualifikationsturniere f\u00fcr die einzelnen Ligen ausgetragen. Zuletzt waren wir 2019 Gastgeber f\u00fcr die Landesliga U14 Qualifikation. Wir planen im Sommer 2020 ein Sommerfest. Hier bieten wir allen Interessierten einen Basketball-Schnuppertag und die M\u00f6glichkeit ihre Geschicklichkeit im Basketball-Parcour unter Beweis zu stellen. Helfende H\u00e4nde sind besonders bei diesen Events immer gefragt.[\/vc_column_text][\/vc_column_inner][\/vc_row_inner][\/vc_column][\/vc_row][vc_row type=&#8220;full_width_background&#8220; full_screen_row_position=&#8220;middle&#8220; column_margin=&#8220;default&#8220; bg_color=&#8220;#ffffff&#8220; scene_position=&#8220;center&#8220; text_color=&#8220;dark&#8220; text_align=&#8220;left&#8220; top_padding=&#8220;10&#8243; disable_element=&#8220;yes&#8220; overlay_strength=&#8220;0.3&#8243; shape_divider_position=&#8220;bottom&#8220; bg_image_animation=&#8220;none&#8220; shape_type=&#8220;&#8220;][vc_column column_padding=&#8220;no-extra-padding&#8220; column_padding_position=&#8220;all&#8220; background_color_opacity=&#8220;1&#8243; background_hover_color_opacity=&#8220;1&#8243; column_link_target=&#8220;_self&#8220; column_shadow=&#8220;none&#8220; column_border_radius=&#8220;none&#8220; width=&#8220;1\/2&#8243; tablet_width_inherit=&#8220;default&#8220; tablet_text_alignment=&#8220;default&#8220; phone_text_alignment=&#8220;default&#8220; overlay_strength=&#8220;0.3&#8243; column_border_width=&#8220;none&#8220; column_border_style=&#8220;solid&#8220; bg_image_animation=&#8220;none&#8220;][divider line_type=&#8220;No Line&#8220; custom_height=&#8220;100&#8243;][vc_column_text css_animation=&#8220;fadeInUp&#8220; css=&#8220;.vc_custom_1764942535784{background-color: #ffffff !important;}&#8220;]\n<h5><span style=\"color: #999999;\">Kuchen &amp; Co.<\/span><\/h5>\n<h2>Kulinarisch Bundesliga<\/h2>\n<p>Bei vielen Heimspielen der Jugendmannschaften und bei Turnieren gibt\u2019s f\u00fcr die Zuschauer oft etwas S\u00fc\u00dfes um die Nerven zu beruhigen. Damit die Kasse der Jugendabteilung gef\u00fcllt bleibt, werden Kuchen, Muffins und viele andere Leckereien am Buffet verkauft. Unser kulinarisches Spektrum reicht weit \u00fcber den Kuchen hinaus: Original chinesisch gebratene Nudeln im riesigen Wok serviert bis hin zu Fruchtspie\u00dfen die wir sonst nur auf der Wiesn bekommen. Ein Besuch beim uns lohnt sich![\/vc_column_text][\/vc_column][vc_column column_padding=&#8220;padding-5-percent&#8220; column_padding_position=&#8220;top-right&#8220; background_color_opacity=&#8220;1&#8243; background_hover_color_opacity=&#8220;1&#8243; column_link_target=&#8220;_self&#8220; column_shadow=&#8220;none&#8220; column_border_radius=&#8220;none&#8220; width=&#8220;1\/2&#8243; tablet_width_inherit=&#8220;default&#8220; tablet_text_alignment=&#8220;default&#8220; phone_text_alignment=&#8220;default&#8220; overlay_strength=&#8220;0.3&#8243; column_border_width=&#8220;none&#8220; column_border_style=&#8220;solid&#8220; bg_image_animation=&#8220;none&#8220;][vc_row_inner column_margin=&#8220;default&#8220; text_align=&#8220;left&#8220;][vc_column_inner column_padding=&#8220;no-extra-padding&#8220; column_padding_position=&#8220;top-right&#8220; background_color_opacity=&#8220;1&#8243; background_hover_color_opacity=&#8220;1&#8243; font_color=&#8220;#000000&#8243; column_shadow=&#8220;none&#8220; column_border_radius=&#8220;none&#8220; bottom_margin=&#8220;0&#8243; column_link_target=&#8220;_self&#8220; width=&#8220;1\/1&#8243; tablet_width_inherit=&#8220;default&#8220; overlay_strength=&#8220;0.3&#8243; column_border_width=&#8220;none&#8220; column_border_style=&#8220;solid&#8220; bg_image_animation=&#8220;none&#8220; enable_animation=&#8220;true&#8220; animation=&#8220;fade-in-from-bottom&#8220;][image_with_animation image_url=&#8220;8297&#8243; alignment=&#8220;&#8220; animation=&#8220;Fade In From Bottom&#8220; hover_animation=&#8220;none&#8220; border_radius=&#8220;none&#8220; box_shadow=&#8220;none&#8220; image_loading=&#8220;default&#8220; max_width=&#8220;100%&#8220; max_width_mobile=&#8220;default&#8220;][\/vc_column_inner][\/vc_row_inner][\/vc_column][\/vc_row]\n","protected":false},"excerpt":{"rendered":"<p>[vc_row type=&#8220;full_width_background&#8220; full_screen_row_position=&#8220;middle&#8220; column_margin=&#8220;default&#8220; bg_image=&#8220;9185&#8243; bg_position=&#8220;left top&#8220; bg_repeat=&#8220;no-repeat&#8220; bg_color=&#8220;#ffffff&#8220; scene_position=&#8220;center&#8220; text_color=&#8220;light&#8220; text_align=&#8220;left&#8220; top_padding=&#8220;4%&#8220; bottom_padding=&#8220;4%&#8220; overlay_strength=&#8220;0.3&#8243;&#8230;<\/p>\n","protected":false},"author":4,"featured_media":0,"parent":0,"menu_order":0,"comment_status":"closed","ping_status":"closed","template":"","meta":{"footnotes":""},"class_list":["post-8629","page","type-page","status-publish"],"aioseo_notices":[],"_links":{"self":[{"href":"https:\/\/djksbm.org\/basketball\/wp-json\/wp\/v2\/pages\/8629","targetHints":{"allow":["GET"]}}],"collection":[{"href":"https:\/\/djksbm.org\/basketball\/wp-json\/wp\/v2\/pages"}],"about":[{"href":"https:\/\/djksbm.org\/basketball\/wp-json\/wp\/v2\/types\/page"}],"author":[{"embeddable":true,"href":"https:\/\/djksbm.org\/basketball\/wp-json\/wp\/v2\/users\/4"}],"replies":[{"embeddable":true,"href":"https:\/\/djksbm.org\/basketball\/wp-json\/wp\/v2\/comments?post=8629"}],"version-history":[{"count":68,"href":"https:\/\/djksbm.org\/basketball\/wp-json\/wp\/v2\/pages\/8629\/revisions"}],"predecessor-version":[{"id":11486,"href":"https:\/\/djksbm.org\/basketball\/wp-json\/wp\/v2\/pages\/8629\/revisions\/11486"}],"wp:attachment":[{"href":"https:\/\/djksbm.org\/basketball\/wp-json\/wp\/v2\/media?parent=8629"}],"curies":[{"name":"wp","href":"https:\/\/api.w.org\/{rel}","templated":true}]}}