{"id":8447,"date":"2020-02-24T21:16:28","date_gmt":"2020-02-24T20:16:28","guid":{"rendered":"http:\/\/basketball.djksbm.org\/?page_id=8447"},"modified":"2023-09-21T18:03:42","modified_gmt":"2023-09-21T16:03:42","slug":"spaetstarter","status":"publish","type":"page","link":"https:\/\/djksbm.org\/basketball\/spaetstarter\/","title":{"rendered":"Schnuppertraining"},"content":{"rendered":"[vc_row type=&#8220;full_width_background&#8220; full_screen_row_position=&#8220;middle&#8220; column_margin=&#8220;default&#8220; bg_image=&#8220;9178&#8243; bg_position=&#8220;center top&#8220; bg_repeat=&#8220;no-repeat&#8220; bg_color=&#8220;#ffffff&#8220; scene_position=&#8220;center&#8220; text_color=&#8220;light&#8220; text_align=&#8220;left&#8220; top_padding=&#8220;4%&#8220; bottom_padding=&#8220;4%&#8220; overlay_strength=&#8220;0.3&#8243; shape_divider_position=&#8220;bottom&#8220; bg_image_animation=&#8220;none&#8220; parallax_bg=&#8220;true&#8220; parallax_bg_speed=&#8220;fast&#8220; shape_type=&#8220;&#8220;][vc_column column_padding=&#8220;no-extra-padding&#8220; column_padding_position=&#8220;all&#8220; background_color_opacity=&#8220;1&#8243; background_hover_color_opacity=&#8220;1&#8243; column_link_target=&#8220;_self&#8220; column_shadow=&#8220;none&#8220; column_border_radius=&#8220;none&#8220; width=&#8220;1\/1&#8243; tablet_width_inherit=&#8220;default&#8220; tablet_text_alignment=&#8220;default&#8220; phone_text_alignment=&#8220;default&#8220; overlay_strength=&#8220;0.3&#8243; column_border_width=&#8220;none&#8220; column_border_style=&#8220;solid&#8220; bg_image_animation=&#8220;none&#8220;][vc_row_inner equal_height=&#8220;yes&#8220; content_placement=&#8220;middle&#8220; column_margin=&#8220;default&#8220; top_padding=&#8220;15%&#8220; bottom_padding=&#8220;14%&#8220; text_align=&#8220;left&#8220;][vc_column_inner column_padding=&#8220;no-extra-padding&#8220; column_padding_position=&#8220;all&#8220; background_color_opacity=&#8220;1&#8243; background_hover_color_opacity=&#8220;1&#8243; column_shadow=&#8220;none&#8220; column_border_radius=&#8220;none&#8220; column_link_target=&#8220;_self&#8220; width=&#8220;1\/2&#8243; tablet_width_inherit=&#8220;default&#8220; overlay_strength=&#8220;0.3&#8243; column_border_width=&#8220;none&#8220; column_border_style=&#8220;solid&#8220; bg_image_animation=&#8220;none&#8220; enable_animation=&#8220;true&#8220; animation=&#8220;fade-in&#8220; offset=&#8220;vc_col-lg-6 vc_col-md-6 vc_col-xs-12&#8243;][\/vc_column_inner][vc_column_inner column_padding=&#8220;no-extra-padding&#8220; column_padding_position=&#8220;all&#8220; background_color_opacity=&#8220;1&#8243; background_hover_color_opacity=&#8220;1&#8243; column_shadow=&#8220;none&#8220; column_border_radius=&#8220;none&#8220; column_link_target=&#8220;_self&#8220; width=&#8220;1\/2&#8243; tablet_width_inherit=&#8220;default&#8220; overlay_strength=&#8220;0.3&#8243; column_border_width=&#8220;none&#8220; column_border_style=&#8220;solid&#8220; bg_image_animation=&#8220;none&#8220;][vc_column_text css_animation=&#8220;fadeInUp&#8220; css=&#8220;.vc_custom_1587672941187{margin-bottom: 15px !important;}&#8220;]\n<h5>Basketball Schnuppertraining<\/h5>\n[\/vc_column_text][split_line_heading animation_type=&#8220;default&#8220;]\n<h1>Basketball<\/h1>\n<h2>im Verein spielen<\/h2>\n[\/split_line_heading][\/vc_column_inner][\/vc_row_inner][vc_row_inner column_margin=&#8220;default&#8220; text_align=&#8220;left&#8220;][vc_column_inner column_padding=&#8220;padding-2-percent&#8220; column_padding_position=&#8220;top-bottom&#8220; background_color_opacity=&#8220;1&#8243; background_hover_color_opacity=&#8220;1&#8243; column_shadow=&#8220;none&#8220; column_border_radius=&#8220;none&#8220; column_link_target=&#8220;_self&#8220; width=&#8220;1\/4&#8243; tablet_width_inherit=&#8220;default&#8220; overlay_strength=&#8220;0.3&#8243; column_border_width=&#8220;none&#8220; column_border_style=&#8220;solid&#8220; bg_image_animation=&#8220;none&#8220; enable_animation=&#8220;true&#8220; animation=&#8220;fade-in-from-bottom&#8220;][vc_custom_heading text=&#8220;&#8220; font_container=&#8220;tag:p|text_align:left|color:rgba(255%2C255%2C255%2C0.65)&#8220; use_theme_fonts=&#8220;yes&#8220; css_animation=&#8220;fadeInUp&#8220; css=&#8220;.vc_custom_1580936959051{padding-right: 20% !important;}&#8220; link=&#8220;url:%2Fverein|||&#8220;][\/vc_column_inner][vc_column_inner column_padding=&#8220;padding-2-percent&#8220; column_padding_position=&#8220;top-bottom&#8220; background_color_opacity=&#8220;1&#8243; background_hover_color_opacity=&#8220;1&#8243; column_shadow=&#8220;none&#8220; column_border_radius=&#8220;none&#8220; column_link_target=&#8220;_self&#8220; width=&#8220;1\/4&#8243; tablet_width_inherit=&#8220;default&#8220; overlay_strength=&#8220;0.3&#8243; column_border_width=&#8220;none&#8220; column_border_style=&#8220;solid&#8220; bg_image_animation=&#8220;none&#8220; enable_animation=&#8220;true&#8220; animation=&#8220;fade-in-from-bottom&#8220;][\/vc_column_inner][vc_column_inner column_padding=&#8220;padding-2-percent&#8220; column_padding_position=&#8220;top-bottom&#8220; background_color_opacity=&#8220;1&#8243; background_hover_color_opacity=&#8220;1&#8243; column_shadow=&#8220;none&#8220; column_border_radius=&#8220;none&#8220; column_link_target=&#8220;_self&#8220; width=&#8220;1\/4&#8243; tablet_width_inherit=&#8220;default&#8220; overlay_strength=&#8220;0.3&#8243; column_border_width=&#8220;none&#8220; column_border_style=&#8220;solid&#8220; bg_image_animation=&#8220;none&#8220; enable_animation=&#8220;true&#8220; animation=&#8220;fade-in-from-bottom&#8220;][\/vc_column_inner][vc_column_inner column_padding=&#8220;padding-2-percent&#8220; column_padding_position=&#8220;top-bottom&#8220; background_color_opacity=&#8220;1&#8243; background_hover_color_opacity=&#8220;1&#8243; column_shadow=&#8220;none&#8220; column_border_radius=&#8220;none&#8220; column_link_target=&#8220;_self&#8220; width=&#8220;1\/4&#8243; tablet_width_inherit=&#8220;default&#8220; overlay_strength=&#8220;0.3&#8243; column_border_width=&#8220;none&#8220; column_border_style=&#8220;solid&#8220; bg_image_animation=&#8220;none&#8220; enable_animation=&#8220;true&#8220; animation=&#8220;fade-in-from-bottom&#8220;][\/vc_column_inner][\/vc_row_inner][\/vc_column][\/vc_row][vc_row type=&#8220;full_width_background&#8220; full_screen_row_position=&#8220;middle&#8220; column_margin=&#8220;default&#8220; bg_color=&#8220;#ffffff&#8220; scene_position=&#8220;center&#8220; text_color=&#8220;dark&#8220; text_align=&#8220;left&#8220; top_padding=&#8220;7%&#8220; bottom_padding=&#8220;7%&#8220; overlay_strength=&#8220;0.3&#8243; shape_divider_position=&#8220;bottom&#8220; bg_image_animation=&#8220;none&#8220;][vc_column column_padding=&#8220;no-extra-padding&#8220; column_padding_position=&#8220;all&#8220; background_color_opacity=&#8220;1&#8243; background_hover_color_opacity=&#8220;1&#8243; column_link_target=&#8220;_self&#8220; column_shadow=&#8220;none&#8220; column_border_radius=&#8220;none&#8220; width=&#8220;1\/1&#8243; tablet_width_inherit=&#8220;default&#8220; tablet_text_alignment=&#8220;default&#8220; phone_text_alignment=&#8220;default&#8220; overlay_strength=&#8220;0.3&#8243; column_border_width=&#8220;none&#8220; column_border_style=&#8220;solid&#8220; bg_image_animation=&#8220;none&#8220;][vc_row_inner column_margin=&#8220;default&#8220; text_align=&#8220;left&#8220;][vc_column_inner column_padding=&#8220;no-extra-padding&#8220; column_padding_position=&#8220;left-right&#8220; background_color_opacity=&#8220;1&#8243; background_hover_color_opacity=&#8220;1&#8243; column_shadow=&#8220;none&#8220; column_border_radius=&#8220;none&#8220; column_link_target=&#8220;_self&#8220; width=&#8220;2\/3&#8243; tablet_width_inherit=&#8220;default&#8220; overlay_strength=&#8220;0.3&#8243; column_border_width=&#8220;none&#8220; column_border_style=&#8220;solid&#8220; bg_image_animation=&#8220;none&#8220; enable_animation=&#8220;true&#8220; animation=&#8220;fade-in-from-bottom&#8220; delay=&#8220;50&#8243;][vc_column_text css_animation=&#8220;fadeInUp&#8220; css=&#8220;.vc_custom_1689012520001{margin-top: 0px !important;margin-bottom: 10px !important;}&#8220;]\n<h5><span style=\"color: #999999;\">Anmeldung zum Basketball Schnuppertraining<\/span><\/h5>\n<h2>Du hast richtig Bock auf Basketball und m\u00f6chtest endlich in einer Vereinsmannschaft spielen?<\/h2>\n<p>Dann einfach an den Trainingszeiten vorbeischauen![\/vc_column_text][divider line_type=&#8220;No Line&#8220; custom_height=&#8220;50&#8243;][nectar_btn size=&#8220;large&#8220; button_style=&#8220;see-through-2&#8243; color_override=&#8220;#3baa19&#8243; hover_color_override=&#8220;#4aff26&#8243; hover_text_color_override=&#8220;#000000&#8243; icon_family=&#8220;none&#8220; url=&#8220;https:\/\/djksbm.org\/basketball\/trainingszeiten\/&#8220; text=&#8220;Alle Trainingszeiten&#8220; css_animation=&#8220;fadeInUp&#8220;][\/vc_column_inner][vc_column_inner column_padding=&#8220;no-extra-padding&#8220; column_padding_position=&#8220;all&#8220; background_color_opacity=&#8220;1&#8243; background_hover_color_opacity=&#8220;1&#8243; column_shadow=&#8220;none&#8220; column_border_radius=&#8220;none&#8220; column_link_target=&#8220;_self&#8220; width=&#8220;1\/3&#8243; tablet_width_inherit=&#8220;default&#8220; overlay_strength=&#8220;0.3&#8243; column_border_width=&#8220;none&#8220; column_border_style=&#8220;solid&#8220; bg_image_animation=&#8220;none&#8220;][\/vc_column_inner][\/vc_row_inner][\/vc_column][\/vc_row][vc_row type=&#8220;full_width_background&#8220; full_screen_row_position=&#8220;middle&#8220; column_margin=&#8220;default&#8220; bg_color=&#8220;#f4f4f4&#8243; scene_position=&#8220;center&#8220; text_color=&#8220;dark&#8220; text_align=&#8220;left&#8220; overlay_strength=&#8220;0.3&#8243; shape_divider_position=&#8220;bottom&#8220; bg_image_animation=&#8220;none&#8220; shape_type=&#8220;&#8220;][vc_column column_padding=&#8220;padding-5-percent&#8220; column_padding_position=&#8220;top-right&#8220; background_color=&#8220;#f4f4f4&#8243; background_color_opacity=&#8220;1&#8243; background_hover_color_opacity=&#8220;1&#8243; column_link_target=&#8220;_self&#8220; column_shadow=&#8220;none&#8220; column_border_radius=&#8220;none&#8220; width=&#8220;1\/2&#8243; tablet_width_inherit=&#8220;default&#8220; tablet_text_alignment=&#8220;default&#8220; phone_text_alignment=&#8220;default&#8220; overlay_strength=&#8220;0.3&#8243; column_border_width=&#8220;none&#8220; column_border_style=&#8220;solid&#8220; bg_image_animation=&#8220;none&#8220;][image_with_animation image_url=&#8220;10242&#8243; alignment=&#8220;&#8220; animation=&#8220;Fade In&#8220; hover_animation=&#8220;zoom&#8220; border_radius=&#8220;none&#8220; box_shadow=&#8220;none&#8220; image_loading=&#8220;default&#8220; max_width=&#8220;100%&#8220; max_width_mobile=&#8220;default&#8220;][\/vc_column][vc_column column_padding=&#8220;no-extra-padding&#8220; column_padding_position=&#8220;all&#8220; background_color_opacity=&#8220;1&#8243; background_hover_color_opacity=&#8220;1&#8243; background_image=&#8220;6510&#8243; enable_bg_scale=&#8220;true&#8220; column_link_target=&#8220;_self&#8220; column_shadow=&#8220;none&#8220; column_border_radius=&#8220;none&#8220; width=&#8220;1\/2&#8243; tablet_width_inherit=&#8220;default&#8220; tablet_text_alignment=&#8220;default&#8220; phone_text_alignment=&#8220;default&#8220; overlay_strength=&#8220;0.3&#8243; column_border_width=&#8220;none&#8220; column_border_style=&#8220;solid&#8220; bg_image_animation=&#8220;none&#8220;][vc_row_inner column_margin=&#8220;default&#8220; text_align=&#8220;left&#8220;][vc_column_inner column_padding=&#8220;no-extra-padding&#8220; column_padding_position=&#8220;all&#8220; background_color_opacity=&#8220;1&#8243; background_hover_color_opacity=&#8220;1&#8243; column_shadow=&#8220;none&#8220; column_border_radius=&#8220;none&#8220; top_margin=&#8220;30&#8243; bottom_margin=&#8220;30&#8243; column_link_target=&#8220;_self&#8220; width=&#8220;1\/1&#8243; tablet_width_inherit=&#8220;default&#8220; overlay_strength=&#8220;0.3&#8243; column_border_width=&#8220;none&#8220; column_border_style=&#8220;solid&#8220; bg_image_animation=&#8220;none&#8220;][vc_column_text css_animation=&#8220;fadeInUp&#8220; css=&#8220;.vc_custom_1688497091313{padding-bottom: 30px !important;}&#8220;]\n<h5><span style=\"color: #999999;\">Jugendarbeit<\/span><\/h5>\n<h2>Dirk D\u2019Arcy und Phillip Ehm zur Flexibilit\u00e4t des SBM<\/h2>\n<p>Dirk D\u2019Arcy und Phillip Ehm (Basketball Abteilungsleiter) sind sich einig: Wir gestalten die Jugendarbeit so, dass die Kids mit viel Spa\u00df und Freude den Sport betreiben k\u00f6nnen. Unabh\u00e4ngig von Leistungsstand oder Alter sind alle Spieler beim Sportbund willkommen.[\/vc_column_text][\/vc_column_inner][\/vc_row_inner][\/vc_column][\/vc_row][vc_row type=&#8220;full_width_background&#8220; full_screen_row_position=&#8220;middle&#8220; column_margin=&#8220;default&#8220; bg_color=&#8220;#f4f4f4&#8243; scene_position=&#8220;center&#8220; text_color=&#8220;dark&#8220; text_align=&#8220;left&#8220; overlay_strength=&#8220;0.3&#8243; shape_divider_position=&#8220;bottom&#8220; bg_image_animation=&#8220;none&#8220; shape_type=&#8220;&#8220;][vc_column column_padding=&#8220;padding-5-percent&#8220; column_padding_position=&#8220;top-right&#8220; background_color=&#8220;#f4f4f4&#8243; background_color_opacity=&#8220;1&#8243; background_hover_color_opacity=&#8220;1&#8243; column_link_target=&#8220;_self&#8220; column_shadow=&#8220;none&#8220; column_border_radius=&#8220;none&#8220; width=&#8220;1\/2&#8243; tablet_width_inherit=&#8220;default&#8220; tablet_text_alignment=&#8220;default&#8220; phone_text_alignment=&#8220;default&#8220; overlay_strength=&#8220;0.3&#8243; column_border_width=&#8220;none&#8220; column_border_style=&#8220;solid&#8220; bg_image_animation=&#8220;none&#8220;][vc_row_inner column_margin=&#8220;default&#8220; text_align=&#8220;left&#8220;][vc_column_inner column_padding=&#8220;no-extra-padding&#8220; column_padding_position=&#8220;all&#8220; background_color_opacity=&#8220;1&#8243; background_hover_color_opacity=&#8220;1&#8243; column_shadow=&#8220;none&#8220; column_border_radius=&#8220;none&#8220; column_link_target=&#8220;_self&#8220; width=&#8220;1\/1&#8243; tablet_width_inherit=&#8220;default&#8220; overlay_strength=&#8220;0.3&#8243; column_border_width=&#8220;none&#8220; column_border_style=&#8220;solid&#8220; bg_image_animation=&#8220;none&#8220;][vc_column_text css_animation=&#8220;fadeInUp&#8220; css=&#8220;.vc_custom_1689012818196{padding-bottom: 30px !important;}&#8220;]\n<h5><span style=\"color: #999999;\">Ausr\u00fcstung<\/span><\/h5>\n<h2>Welche Ausr\u00fcstung muss man selbst besorgen?<\/h2>\n<p>F\u00fcr das Schnuppertraining reicht normale Sportkleidung. Turnschuhe f\u00fcr die Halle, Sporthose und T-Shirt. Entscheidet sich dein Kind nach dem Schnuppertraining f\u00fcr das Basketballspiel, stehen gerade bei den Jugendlichen spezielle Basketballschuhe hoch im Kurs.<\/p>\n<p>Basketball-B\u00e4lle sind bei uns in der Halle ausreichend vorhanden.[\/vc_column_text][\/vc_column_inner][\/vc_row_inner][\/vc_column][vc_column column_padding=&#8220;no-extra-padding&#8220; column_padding_position=&#8220;all&#8220; background_color_opacity=&#8220;1&#8243; background_hover_color_opacity=&#8220;1&#8243; background_image=&#8220;6510&#8243; enable_bg_scale=&#8220;true&#8220; column_link_target=&#8220;_self&#8220; column_shadow=&#8220;none&#8220; column_border_radius=&#8220;none&#8220; width=&#8220;1\/2&#8243; tablet_width_inherit=&#8220;default&#8220; tablet_text_alignment=&#8220;default&#8220; phone_text_alignment=&#8220;default&#8220; overlay_strength=&#8220;0.3&#8243; column_border_width=&#8220;none&#8220; column_border_style=&#8220;solid&#8220; bg_image_animation=&#8220;none&#8220;][image_with_animation image_url=&#8220;7574&#8243; alignment=&#8220;&#8220; animation=&#8220;Fade In&#8220; hover_animation=&#8220;zoom&#8220; border_radius=&#8220;none&#8220; box_shadow=&#8220;none&#8220; image_loading=&#8220;default&#8220; max_width=&#8220;100%&#8220; max_width_mobile=&#8220;default&#8220;][\/vc_column][\/vc_row][vc_row type=&#8220;full_width_background&#8220; full_screen_row_position=&#8220;middle&#8220; column_margin=&#8220;default&#8220; bg_color=&#8220;#ffffff&#8220; scene_position=&#8220;center&#8220; text_color=&#8220;dark&#8220; text_align=&#8220;left&#8220; top_padding=&#8220;7%&#8220; bottom_padding=&#8220;7%&#8220; disable_element=&#8220;yes&#8220; overlay_strength=&#8220;0.3&#8243; shape_divider_position=&#8220;bottom&#8220; bg_image_animation=&#8220;none&#8220; shape_type=&#8220;&#8220;][vc_column column_padding=&#8220;no-extra-padding&#8220; column_padding_position=&#8220;all&#8220; background_color_opacity=&#8220;1&#8243; background_hover_color_opacity=&#8220;1&#8243; column_link_target=&#8220;_self&#8220; column_shadow=&#8220;none&#8220; column_border_radius=&#8220;none&#8220; width=&#8220;1\/1&#8243; tablet_width_inherit=&#8220;default&#8220; tablet_text_alignment=&#8220;default&#8220; phone_text_alignment=&#8220;default&#8220; overlay_strength=&#8220;0.3&#8243; column_border_width=&#8220;none&#8220; column_border_style=&#8220;solid&#8220; bg_image_animation=&#8220;none&#8220;][vc_row_inner column_margin=&#8220;default&#8220; text_align=&#8220;left&#8220;][vc_column_inner column_padding=&#8220;no-extra-padding&#8220; column_padding_position=&#8220;left-right&#8220; background_color_opacity=&#8220;1&#8243; background_hover_color_opacity=&#8220;1&#8243; column_shadow=&#8220;none&#8220; column_border_radius=&#8220;none&#8220; column_link_target=&#8220;_self&#8220; width=&#8220;1\/1&#8243; tablet_width_inherit=&#8220;default&#8220; overlay_strength=&#8220;0.3&#8243; column_border_width=&#8220;none&#8220; column_border_style=&#8220;solid&#8220; bg_image_animation=&#8220;none&#8220; enable_animation=&#8220;true&#8220; animation=&#8220;fade-in-from-bottom&#8220; delay=&#8220;50&#8243;][vc_column_text css=&#8220;.vc_custom_1587672875127{margin-top: 0px !important;margin-bottom: 10px !important;}&#8220;]\n<h5><span style=\"color: #999999;\">Basketball (Freizeitsport)<\/span><\/h5>\n<h2>Du m\u00f6chtest ohne Leistungsanspruch in deiner Freizeit einfach etwas Basketball spielen?<\/h2>\n[\/vc_column_text][vc_column_text]In diesen Basketball Freizeitsportgruppen hast du die M\u00f6glichkeit ohne Wettkampfgedanken zu trainieren. Spa\u00df steht hier nat\u00fcrlich an erster Stelle. Jeder, egal ob Anf\u00e4nger, Fortgeschrittener oder Wiedereinsteiger ist herzlich willkommen bei uns. Ein Schnuppertraining ist jederzeit nach Voranmeldung kostenlos m\u00f6glich.<\/p>\n<ul>\n<li>Jahrg\u00e4nge 2002 und \u00e4lter<\/li>\n<\/ul>\n<p><strong>Montag, BB-Freizeitsportgruppe<\/strong> | <strong>20:00 \u2013 21:30 Uhr<\/strong> | Theresiengymnasium<br \/>\n<strong>Mittwoch, BB-Freizeitsportgruppe <\/strong>|<strong> 17:30 \u2013 19:00 Uhr <\/strong>| Theresiengymnasium<br \/>\n<strong>Donnerstag, BB-Freizeitsportgruppe <\/strong>|<strong> 20:00 \u2013 21:30 Uhr <\/strong>| Klenze-Gymnasium<\/p>\n<p>Theresiengymnasium: Kaiser-Ludwig-Platz 3, 80336 M\u00fcnchen<br \/>\nKlenze-Gymnasium: Wackersberger Str. 59, 81371 M\u00fcnchen[\/vc_column_text][\/vc_column_inner][\/vc_row_inner][\/vc_column][\/vc_row][vc_row type=&#8220;in_container&#8220; full_screen_row_position=&#8220;middle&#8220; column_margin=&#8220;default&#8220; scene_position=&#8220;center&#8220; text_color=&#8220;dark&#8220; text_align=&#8220;left&#8220; overlay_strength=&#8220;0.3&#8243; shape_divider_position=&#8220;bottom&#8220; bg_image_animation=&#8220;none&#8220;][vc_column column_padding=&#8220;no-extra-padding&#8220; column_padding_position=&#8220;all&#8220; background_color_opacity=&#8220;1&#8243; background_hover_color_opacity=&#8220;1&#8243; column_link_target=&#8220;_self&#8220; column_shadow=&#8220;none&#8220; column_border_radius=&#8220;none&#8220; width=&#8220;1\/1&#8243; tablet_width_inherit=&#8220;default&#8220; tablet_text_alignment=&#8220;default&#8220; phone_text_alignment=&#8220;default&#8220; overlay_strength=&#8220;0.3&#8243; column_border_width=&#8220;none&#8220; column_border_style=&#8220;solid&#8220; bg_image_animation=&#8220;none&#8220;][vc_column_text]\n<p>&nbsp;<\/p>\n<p>&nbsp;<\/p>\n[\/vc_column_text][\/vc_column][\/vc_row][vc_row type=&#8220;full_width_background&#8220; full_screen_row_position=&#8220;middle&#8220; equal_height=&#8220;yes&#8220; content_placement=&#8220;middle&#8220; column_margin=&#8220;default&#8220; bg_image=&#8220;6667&#8243; bg_position=&#8220;center center&#8220; bg_repeat=&#8220;no-repeat&#8220; scene_position=&#8220;center&#8220; text_color=&#8220;light&#8220; text_align=&#8220;left&#8220; top_padding=&#8220;8%&#8220; bottom_padding=&#8220;8%&#8220; color_overlay=&#8220;rgba(10,6,6,0.84)&#8220; overlay_strength=&#8220;0.5&#8243; shape_divider_position=&#8220;bottom&#8220; bg_image_animation=&#8220;none&#8220; shape_type=&#8220;&#8220;][vc_column column_padding=&#8220;no-extra-padding&#8220; column_padding_position=&#8220;all&#8220; background_color_opacity=&#8220;1&#8243; background_hover_color_opacity=&#8220;1&#8243; column_link_target=&#8220;_self&#8220; column_shadow=&#8220;none&#8220; column_border_radius=&#8220;none&#8220; width=&#8220;1\/1&#8243; tablet_width_inherit=&#8220;default&#8220; tablet_text_alignment=&#8220;default&#8220; phone_text_alignment=&#8220;default&#8220; overlay_strength=&#8220;0.3&#8243; column_border_width=&#8220;none&#8220; column_border_style=&#8220;solid&#8220; bg_image_animation=&#8220;none&#8220;][vc_row_inner column_margin=&#8220;default&#8220; text_align=&#8220;left&#8220;][vc_column_inner column_padding=&#8220;no-extra-padding&#8220; column_padding_position=&#8220;all&#8220; background_color_opacity=&#8220;1&#8243; background_hover_color_opacity=&#8220;1&#8243; column_shadow=&#8220;none&#8220; column_border_radius=&#8220;none&#8220; column_link_target=&#8220;_self&#8220; width=&#8220;1\/6&#8243; tablet_width_inherit=&#8220;default&#8220; overlay_strength=&#8220;0.3&#8243; column_border_width=&#8220;none&#8220; column_border_style=&#8220;solid&#8220; bg_image_animation=&#8220;none&#8220;][\/vc_column_inner][vc_column_inner column_padding=&#8220;padding-2-percent&#8220; column_padding_position=&#8220;left-right&#8220; centered_text=&#8220;true&#8220; background_color_opacity=&#8220;1&#8243; background_hover_color_opacity=&#8220;1&#8243; column_shadow=&#8220;none&#8220; column_border_radius=&#8220;none&#8220; column_link_target=&#8220;_self&#8220; width=&#8220;2\/3&#8243; tablet_width_inherit=&#8220;default&#8220; overlay_strength=&#8220;0.3&#8243; column_border_width=&#8220;none&#8220; column_border_style=&#8220;solid&#8220; bg_image_animation=&#8220;none&#8220;][vc_custom_heading text=&#8220;Komm vorbei!&#8220; font_container=&#8220;tag:h2|font_size:52|text_align:center|line_height:52px&#8220; use_theme_fonts=&#8220;yes&#8220;][divider line_type=&#8220;No Line&#8220; custom_height=&#8220;5&#8243;][vc_custom_heading text=&#8220;Wie noch nie zuvor, schau zu den Trainingszeiten vorbei!&#8220; font_container=&#8220;tag:p|font_size:18|text_align:center|color:rgba(255%2C255%2C255%2C0.7)|line_height:26px&#8220; use_theme_fonts=&#8220;yes&#8220; css=&#8220;.vc_custom_1688994729229{margin-top: 10px !important;margin-bottom: 10px !important;}&#8220;][nectar_btn size=&#8220;large&#8220; button_style=&#8220;regular&#8220; button_color_2=&#8220;Accent-Color&#8220; icon_family=&#8220;default_arrow&#8220; url=&#8220;\/basketball\/trainingszeiten\/&#8220; text=&#8220;Trainingszeiten&#8220; margin_top=&#8220;5&#8243;][\/vc_column_inner][vc_column_inner column_padding=&#8220;no-extra-padding&#8220; column_padding_position=&#8220;all&#8220; background_color_opacity=&#8220;1&#8243; background_hover_color_opacity=&#8220;1&#8243; column_shadow=&#8220;none&#8220; column_border_radius=&#8220;none&#8220; column_link_target=&#8220;_self&#8220; width=&#8220;1\/6&#8243; tablet_width_inherit=&#8220;default&#8220; overlay_strength=&#8220;0.3&#8243; column_border_width=&#8220;none&#8220; column_border_style=&#8220;solid&#8220; bg_image_animation=&#8220;none&#8220;][\/vc_column_inner][\/vc_row_inner][\/vc_column][\/vc_row]\n","protected":false},"excerpt":{"rendered":"<p>[vc_row type=&#8220;full_width_background&#8220; full_screen_row_position=&#8220;middle&#8220; column_margin=&#8220;default&#8220; bg_image=&#8220;9178&#8243; bg_position=&#8220;center top&#8220; bg_repeat=&#8220;no-repeat&#8220; bg_color=&#8220;#ffffff&#8220; scene_position=&#8220;center&#8220; text_color=&#8220;light&#8220; text_align=&#8220;left&#8220; top_padding=&#8220;4%&#8220; bottom_padding=&#8220;4%&#8220; overlay_strength=&#8220;0.3&#8243;&#8230;<\/p>\n","protected":false},"author":3,"featured_media":0,"parent":0,"menu_order":0,"comment_status":"closed","ping_status":"closed","template":"","meta":{"footnotes":""},"class_list":["post-8447","page","type-page","status-publish"],"aioseo_notices":[],"_links":{"self":[{"href":"https:\/\/djksbm.org\/basketball\/wp-json\/wp\/v2\/pages\/8447","targetHints":{"allow":["GET"]}}],"collection":[{"href":"https:\/\/djksbm.org\/basketball\/wp-json\/wp\/v2\/pages"}],"about":[{"href":"https:\/\/djksbm.org\/basketball\/wp-json\/wp\/v2\/types\/page"}],"author":[{"embeddable":true,"href":"https:\/\/djksbm.org\/basketball\/wp-json\/wp\/v2\/users\/3"}],"replies":[{"embeddable":true,"href":"https:\/\/djksbm.org\/basketball\/wp-json\/wp\/v2\/comments?post=8447"}],"version-history":[{"count":50,"href":"https:\/\/djksbm.org\/basketball\/wp-json\/wp\/v2\/pages\/8447\/revisions"}],"predecessor-version":[{"id":10410,"href":"https:\/\/djksbm.org\/basketball\/wp-json\/wp\/v2\/pages\/8447\/revisions\/10410"}],"wp:attachment":[{"href":"https:\/\/djksbm.org\/basketball\/wp-json\/wp\/v2\/media?parent=8447"}],"curies":[{"name":"wp","href":"https:\/\/api.w.org\/{rel}","templated":true}]}}