{"id":7243,"date":"2019-12-08T10:37:42","date_gmt":"2019-12-08T09:37:42","guid":{"rendered":"http:\/\/basketball.djksbm.org\/?page_id=7243"},"modified":"2023-07-04T20:48:22","modified_gmt":"2023-07-04T18:48:22","slug":"leitbild-werte","status":"publish","type":"page","link":"https:\/\/djksbm.org\/basketball\/leitbild-werte\/","title":{"rendered":"Leitbild &#038; Werte"},"content":{"rendered":"[vc_row type=&#8220;full_width_background&#8220; full_screen_row_position=&#8220;middle&#8220; column_margin=&#8220;default&#8220; bg_image=&#8220;8285&#8243; bg_position=&#8220;center top&#8220; bg_repeat=&#8220;no-repeat&#8220; bg_color=&#8220;#ffffff&#8220; scene_position=&#8220;center&#8220; text_color=&#8220;light&#8220; text_align=&#8220;left&#8220; top_padding=&#8220;4%&#8220; bottom_padding=&#8220;4%&#8220; overlay_strength=&#8220;0.3&#8243; shape_divider_position=&#8220;bottom&#8220; bg_image_animation=&#8220;none&#8220; parallax_bg=&#8220;true&#8220; parallax_bg_speed=&#8220;fast&#8220; shape_type=&#8220;&#8220;][vc_column column_padding=&#8220;no-extra-padding&#8220; column_padding_position=&#8220;all&#8220; background_color_opacity=&#8220;1&#8243; background_hover_color_opacity=&#8220;1&#8243; column_link_target=&#8220;_self&#8220; column_shadow=&#8220;none&#8220; column_border_radius=&#8220;none&#8220; width=&#8220;1\/1&#8243; tablet_width_inherit=&#8220;default&#8220; tablet_text_alignment=&#8220;default&#8220; phone_text_alignment=&#8220;default&#8220; overlay_strength=&#8220;0.3&#8243; column_border_width=&#8220;none&#8220; column_border_style=&#8220;solid&#8220; bg_image_animation=&#8220;none&#8220;][vc_row_inner equal_height=&#8220;yes&#8220; content_placement=&#8220;middle&#8220; column_margin=&#8220;default&#8220; top_padding=&#8220;15%&#8220; bottom_padding=&#8220;14%&#8220; text_align=&#8220;left&#8220;][vc_column_inner column_padding=&#8220;no-extra-padding&#8220; column_padding_position=&#8220;all&#8220; background_color_opacity=&#8220;1&#8243; background_hover_color_opacity=&#8220;1&#8243; column_shadow=&#8220;none&#8220; column_border_radius=&#8220;none&#8220; column_link_target=&#8220;_self&#8220; width=&#8220;1\/2&#8243; tablet_width_inherit=&#8220;default&#8220; overlay_strength=&#8220;0.3&#8243; column_border_width=&#8220;none&#8220; column_border_style=&#8220;solid&#8220; bg_image_animation=&#8220;none&#8220; enable_animation=&#8220;true&#8220; animation=&#8220;fade-in&#8220; offset=&#8220;vc_col-lg-6 vc_col-md-6 vc_col-xs-12&#8243;][vc_column_text css_animation=&#8220;fadeInUp&#8220; css=&#8220;.vc_custom_1582678906546{margin-bottom: 15px !important;}&#8220;]\n<h5>SBM | Leitbild &amp; Werte<\/h5>\n[\/vc_column_text][split_line_heading animation_type=&#8220;default&#8220;]\n<h1>Gemeinsam wachsen<\/h1>\n[\/split_line_heading][\/vc_column_inner][vc_column_inner column_padding=&#8220;no-extra-padding&#8220; column_padding_position=&#8220;all&#8220; background_color_opacity=&#8220;1&#8243; background_hover_color_opacity=&#8220;1&#8243; column_shadow=&#8220;none&#8220; column_border_radius=&#8220;none&#8220; column_link_target=&#8220;_self&#8220; width=&#8220;1\/2&#8243; tablet_width_inherit=&#8220;default&#8220; overlay_strength=&#8220;0.3&#8243; column_border_width=&#8220;none&#8220; column_border_style=&#8220;solid&#8220; bg_image_animation=&#8220;none&#8220;][\/vc_column_inner][\/vc_row_inner][vc_row_inner column_margin=&#8220;default&#8220; text_align=&#8220;left&#8220;][vc_column_inner column_padding=&#8220;padding-2-percent&#8220; column_padding_position=&#8220;top-bottom&#8220; background_color_opacity=&#8220;1&#8243; background_hover_color_opacity=&#8220;1&#8243; column_shadow=&#8220;none&#8220; column_border_radius=&#8220;none&#8220; column_link_target=&#8220;_self&#8220; width=&#8220;1\/4&#8243; tablet_width_inherit=&#8220;default&#8220; overlay_strength=&#8220;0.3&#8243; column_border_width=&#8220;none&#8220; column_border_style=&#8220;solid&#8220; bg_image_animation=&#8220;none&#8220; enable_animation=&#8220;true&#8220; animation=&#8220;fade-in-from-bottom&#8220;][\/vc_column_inner][vc_column_inner column_padding=&#8220;padding-2-percent&#8220; column_padding_position=&#8220;top-bottom&#8220; background_color_opacity=&#8220;1&#8243; background_hover_color_opacity=&#8220;1&#8243; column_shadow=&#8220;none&#8220; column_border_radius=&#8220;none&#8220; column_link_target=&#8220;_self&#8220; width=&#8220;1\/4&#8243; tablet_width_inherit=&#8220;default&#8220; overlay_strength=&#8220;0.3&#8243; column_border_width=&#8220;none&#8220; column_border_style=&#8220;solid&#8220; bg_image_animation=&#8220;none&#8220; enable_animation=&#8220;true&#8220; animation=&#8220;fade-in-from-bottom&#8220;][\/vc_column_inner][vc_column_inner column_padding=&#8220;padding-2-percent&#8220; column_padding_position=&#8220;top-bottom&#8220; background_color_opacity=&#8220;1&#8243; background_hover_color_opacity=&#8220;1&#8243; column_shadow=&#8220;none&#8220; column_border_radius=&#8220;none&#8220; column_link_target=&#8220;_self&#8220; width=&#8220;1\/4&#8243; tablet_width_inherit=&#8220;default&#8220; overlay_strength=&#8220;0.3&#8243; column_border_width=&#8220;none&#8220; column_border_style=&#8220;solid&#8220; bg_image_animation=&#8220;none&#8220; enable_animation=&#8220;true&#8220; animation=&#8220;fade-in-from-bottom&#8220;][\/vc_column_inner][\/vc_row_inner][\/vc_column][\/vc_row][vc_row type=&#8220;full_width_background&#8220; full_screen_row_position=&#8220;middle&#8220; column_margin=&#8220;default&#8220; bg_color=&#8220;#ffffff&#8220; scene_position=&#8220;center&#8220; text_color=&#8220;dark&#8220; text_align=&#8220;left&#8220; top_padding=&#8220;7%&#8220; bottom_padding=&#8220;7%&#8220; overlay_strength=&#8220;0.3&#8243; shape_divider_position=&#8220;bottom&#8220; bg_image_animation=&#8220;none&#8220;][vc_column column_padding=&#8220;no-extra-padding&#8220; column_padding_position=&#8220;all&#8220; background_color_opacity=&#8220;1&#8243; background_hover_color_opacity=&#8220;1&#8243; column_link_target=&#8220;_self&#8220; column_shadow=&#8220;none&#8220; column_border_radius=&#8220;none&#8220; width=&#8220;1\/1&#8243; tablet_width_inherit=&#8220;default&#8220; tablet_text_alignment=&#8220;default&#8220; phone_text_alignment=&#8220;default&#8220; overlay_strength=&#8220;0.3&#8243; column_border_width=&#8220;none&#8220; column_border_style=&#8220;solid&#8220; bg_image_animation=&#8220;none&#8220;][vc_row_inner column_margin=&#8220;default&#8220; text_align=&#8220;left&#8220;][vc_column_inner column_padding=&#8220;no-extra-padding&#8220; column_padding_position=&#8220;left-right&#8220; background_color_opacity=&#8220;1&#8243; background_hover_color_opacity=&#8220;1&#8243; column_shadow=&#8220;none&#8220; column_border_radius=&#8220;none&#8220; column_link_target=&#8220;_self&#8220; width=&#8220;1\/1&#8243; tablet_width_inherit=&#8220;default&#8220; overlay_strength=&#8220;0.3&#8243; column_border_width=&#8220;none&#8220; column_border_style=&#8220;solid&#8220; bg_image_animation=&#8220;none&#8220; enable_animation=&#8220;true&#8220; animation=&#8220;fade-in-from-bottom&#8220; delay=&#8220;50&#8243;][vc_column_text css_animation=&#8220;fadeInUp&#8220; css=&#8220;.vc_custom_1688496478235{margin-top: -8px !important;margin-bottom: -8px !important;}&#8220;]\n<h5><span style=\"color: #999999;\">DJK Sportbund M\u00fcnchen Basketball | Unser Leitbild<\/span><\/h5>\n<h2>Wir handeln nach diesen Grunds\u00e4tzen:<\/h2>\n<ul>\n<li>\n<p class=\"p1\">Fair, wertsch\u00e4tzend und respektvoll begegnen wir unserem Gegen\u00fcber<\/p>\n<\/li>\n<li>\n<p class=\"p1\">Wir kommuniziere offen und ehrlich<\/p>\n<\/li>\n<li>\n<p class=\"p1\">Verantwortung \u00fcbernehmen wir f\u00fcr uns selbst und f\u00fcr unser Team<\/p>\n<\/li>\n<li>\n<p class=\"p1\">Unsere Mitspieler unterst\u00fctzen wir, helfen und lassen uns helfen<\/p>\n<\/li>\n<li>\n<p class=\"p1\">Unsere schulischen oder beruflichen Aufgaben haben wir im Fokus<\/p>\n<\/li>\n<li>\n<p class=\"p1\">Wir kommen zu jedem Training, bei Krankheit informieren wir rechtzeitig unseren Trainer<\/p>\n<\/li>\n<\/ul>\n[\/vc_column_text][\/vc_column_inner][\/vc_row_inner][\/vc_column][\/vc_row][vc_row type=&#8220;full_width_background&#8220; full_screen_row_position=&#8220;middle&#8220; column_margin=&#8220;default&#8220; bg_color=&#8220;#f4f4f4&#8243; scene_position=&#8220;center&#8220; text_color=&#8220;dark&#8220; text_align=&#8220;left&#8220; overlay_strength=&#8220;0.3&#8243; shape_divider_position=&#8220;bottom&#8220; bg_image_animation=&#8220;none&#8220; shape_type=&#8220;&#8220;][vc_column column_padding=&#8220;padding-5-percent&#8220; column_padding_position=&#8220;top-right&#8220; background_color=&#8220;#f4f4f4&#8243; background_color_opacity=&#8220;1&#8243; background_hover_color_opacity=&#8220;1&#8243; column_link_target=&#8220;_self&#8220; column_shadow=&#8220;none&#8220; column_border_radius=&#8220;none&#8220; width=&#8220;1\/2&#8243; tablet_width_inherit=&#8220;default&#8220; tablet_text_alignment=&#8220;default&#8220; phone_text_alignment=&#8220;default&#8220; overlay_strength=&#8220;0.3&#8243; column_border_width=&#8220;none&#8220; column_border_style=&#8220;solid&#8220; bg_image_animation=&#8220;none&#8220;][vc_row_inner column_margin=&#8220;default&#8220; text_align=&#8220;left&#8220;][vc_column_inner column_padding=&#8220;no-extra-padding&#8220; column_padding_position=&#8220;all&#8220; background_color_opacity=&#8220;1&#8243; background_hover_color_opacity=&#8220;1&#8243; column_shadow=&#8220;none&#8220; column_border_radius=&#8220;none&#8220; column_link_target=&#8220;_self&#8220; width=&#8220;1\/1&#8243; tablet_width_inherit=&#8220;default&#8220; overlay_strength=&#8220;0.3&#8243; column_border_width=&#8220;none&#8220; column_border_style=&#8220;solid&#8220; bg_image_animation=&#8220;none&#8220;][vc_column_text css_animation=&#8220;fadeInUp&#8220;]\n<h5><span style=\"color: #c2c2c2;\">DJK Sportbund M\u00fcnchen Basketball | Werte<\/span><\/h5>\n<h2>Unsere Werte<\/h2>\n<p>Basketball leistet als Teamsport einen wichtigen Beitrag, dass Kinder und Jugendliche vorgelebte Werte erkennen, verinnerlichen und selbst leben.[\/vc_column_text][\/vc_column_inner][\/vc_row_inner][toggles style=&#8220;default&#8220;][toggle color=&#8220;Default&#8220; title=&#8220;Respekt &amp; Wertsch\u00e4tzung&#8220;][vc_column_text css_animation=&#8220;fadeInUp&#8220;]\n<h2 class=\"p1\">Respekt &amp; Wertsch\u00e4tzung<\/h2>\n<p class=\"p1\">Jeder von uns ist einzigartig. Akzeptiere jeden, wie er ist, mit all seinen St\u00e4rken und Schw\u00e4chen.<\/p>\n[\/vc_column_text][\/toggle][toggle color=&#8220;Default&#8220; title=&#8220;Fairness&#8220;][vc_column_text]\n<h2>Fairness<\/h2>\n<p>Wir sind faire Sportler![\/vc_column_text][\/toggle][toggle color=&#8220;Default&#8220; title=&#8220;Vertrauen &amp; Freundschaft&#8220;][vc_column_text]\n<h2>Vertrauen &amp; Freundschaft<\/h2>\n<p>Vertrauen ist die Basis fu\u0308r gemeinsames Handeln und Kommunizieren. Wir sind uns der Kraft, die aus Freundschaft entstehen kann, bewusst.[\/vc_column_text][\/toggle][toggle color=&#8220;Default&#8220; title=&#8220;Teamf\u00e4higkeit&#8220;][vc_column_text]\n<h2>Zusammenhalt &amp; Teamf\u00e4higkeit<\/h2>\n<p>Wir spielen als Team zusammen und folgen unseren gemeinsamen Zielen. Unterst\u00fctze deine Mitspieler wo du kannst! Gemeinsam k\u00f6nnen wir Gro\u00dfes bewegen.[\/vc_column_text][\/toggle][toggle color=&#8220;Default&#8220; title=&#8220;Loyalit\u00e4t &amp; Treue&#8220;][vc_column_text]\n<h2>Loyalit\u00e4t &amp; Treue<\/h2>\n<p>Wir sind der Gemeinschaft, dem Team und dem Verein treu. Handeln loyal.[\/vc_column_text][\/toggle][toggle color=&#8220;Default&#8220; title=&#8220;Leistung &amp; Disziplin&#8220;][vc_column_text]\n<h2>Leistung &amp; Disziplin<\/h2>\n<p>Das Bestm\u00f6gliche geben. Konzentration und Aufmerksamkeit sind die Basis fu\u0308r deinen Erfolg. Eigenmotivation gepaart mit einem klaren Handlungsfokus.[\/vc_column_text][\/toggle][toggle color=&#8220;Default&#8220; title=&#8220;Ehrgeiz &amp; Flei\u00df&#8220;][vc_column_text]\n<h2>Ehrgeiz &amp; Flei\u00df<\/h2>\n<p>Sei so ehrgeizig, deine gesetzten Ziele wirklich erreichen zu wollen. Nur u\u0308ber vielfache Wiederholung sch\u00e4rfst du deine Skills und gelangst zur \u201eMeisterschaft\u201c.[\/vc_column_text][\/toggle][toggle color=&#8220;Default&#8220; title=&#8220;Hartn\u00e4ckigkeit&#8220;][vc_column_text]\n<h2>Hartn\u00e4ckigkeit<\/h2>\n<p>Aufgeben? Bei Misserfolg einfach aufstehen und einen neuen Versuch unternehmen, oder einen neuen L\u00f6sungsweg suchen.[\/vc_column_text][\/toggle][\/toggles][\/vc_column][vc_column column_padding=&#8220;no-extra-padding&#8220; column_padding_position=&#8220;all&#8220; background_color_opacity=&#8220;1&#8243; background_hover_color_opacity=&#8220;1&#8243; column_link_target=&#8220;_self&#8220; column_shadow=&#8220;none&#8220; column_border_radius=&#8220;none&#8220; width=&#8220;1\/2&#8243; tablet_width_inherit=&#8220;default&#8220; tablet_text_alignment=&#8220;default&#8220; phone_text_alignment=&#8220;default&#8220; overlay_strength=&#8220;0.3&#8243; column_border_width=&#8220;none&#8220; column_border_style=&#8220;solid&#8220; bg_image_animation=&#8220;none&#8220;][image_with_animation image_url=&#8220;7767&#8243; alignment=&#8220;&#8220; animation=&#8220;Fade In From Bottom&#8220; hover_animation=&#8220;zoom&#8220; border_radius=&#8220;none&#8220; box_shadow=&#8220;none&#8220; image_loading=&#8220;default&#8220; max_width=&#8220;100%&#8220; max_width_mobile=&#8220;default&#8220;][\/vc_column][\/vc_row]\n","protected":false},"excerpt":{"rendered":"<p>[vc_row type=&#8220;full_width_background&#8220; full_screen_row_position=&#8220;middle&#8220; column_margin=&#8220;default&#8220; bg_image=&#8220;8285&#8243; bg_position=&#8220;center top&#8220; bg_repeat=&#8220;no-repeat&#8220; bg_color=&#8220;#ffffff&#8220; scene_position=&#8220;center&#8220; text_color=&#8220;light&#8220; text_align=&#8220;left&#8220; top_padding=&#8220;4%&#8220; bottom_padding=&#8220;4%&#8220; overlay_strength=&#8220;0.3&#8243;&#8230;<\/p>\n","protected":false},"author":3,"featured_media":0,"parent":0,"menu_order":0,"comment_status":"closed","ping_status":"closed","template":"","meta":{"footnotes":""},"class_list":["post-7243","page","type-page","status-publish"],"aioseo_notices":[],"_links":{"self":[{"href":"https:\/\/djksbm.org\/basketball\/wp-json\/wp\/v2\/pages\/7243","targetHints":{"allow":["GET"]}}],"collection":[{"href":"https:\/\/djksbm.org\/basketball\/wp-json\/wp\/v2\/pages"}],"about":[{"href":"https:\/\/djksbm.org\/basketball\/wp-json\/wp\/v2\/types\/page"}],"author":[{"embeddable":true,"href":"https:\/\/djksbm.org\/basketball\/wp-json\/wp\/v2\/users\/3"}],"replies":[{"embeddable":true,"href":"https:\/\/djksbm.org\/basketball\/wp-json\/wp\/v2\/comments?post=7243"}],"version-history":[{"count":54,"href":"https:\/\/djksbm.org\/basketball\/wp-json\/wp\/v2\/pages\/7243\/revisions"}],"predecessor-version":[{"id":9991,"href":"https:\/\/djksbm.org\/basketball\/wp-json\/wp\/v2\/pages\/7243\/revisions\/9991"}],"wp:attachment":[{"href":"https:\/\/djksbm.org\/basketball\/wp-json\/wp\/v2\/media?parent=7243"}],"curies":[{"name":"wp","href":"https:\/\/api.w.org\/{rel}","templated":true}]}}